{"id":1094,"date":"2019-01-06T12:36:54","date_gmt":"2019-01-06T16:36:54","guid":{"rendered":"http:\/\/gadprpapallacta.gob.ec\/napo\/?page_id=1094"},"modified":"2019-03-28T11:45:28","modified_gmt":"2019-03-28T15:45:28","slug":"2019-2","status":"publish","type":"page","link":"https:\/\/gadprpapallacta.gob.ec\/napo\/2019-2\/","title":{"rendered":"LOTAIP 2019"},"content":{"rendered":"[vc_row][vc_column][vc_accordion collapsible=&#8221;&#8221; disable_keyboard=&#8221;&#8221;][vc_accordion_tab title=&#8221;TRANSPARENCIA 2019&#8243;][vc_wp_text]\n[\/vc_wp_text][\/vc_accordion_tab][vc_accordion_tab title=&#8221;Enero&#8221;][vc_wp_text]\n<h2><strong>ENERO<\/strong><\/h2>\n<table style=\"height: 6px;\" width=\"42\">\n<tbody>\n<tr>\n<td><\/td>\n<td><\/td>\n<\/tr>\n<\/tbody>\n<\/table>\n<table>\n<tbody>\n<tr>\n<td>A1.<\/td>\n<td>Estructura Org\u00e1nica Funcional<\/td>\n<td><\/td>\n<\/tr>\n<tr>\n<td>A2.<\/td>\n<td>Base Legal que la Rige<\/td>\n<td><\/td>\n<\/tr>\n<tr>\n<td>A3.<\/td>\n<td>Regulaciones y Procedimietos Internos<\/td>\n<td><\/td>\n<\/tr>\n<tr>\n<td>A4.<\/td>\n<td>Metas y Objetivos Unidades Administrativas<\/td>\n<td><\/td>\n<\/tr>\n<tr>\n<td>b1.<\/td>\n<td>Directorio de la Instituci\u00f3n<\/td>\n<td><\/td>\n<\/tr>\n<tr>\n<td>c.<\/td>\n<td>Remuneraciones<\/td>\n<td><\/td>\n<\/tr>\n<tr>\n<td>e.<\/td>\n<td>Contratos Colectivos<\/td>\n<td><\/td>\n<\/tr>\n<tr>\n<td>f.<\/td>\n<td>Formularios para tr\u00e1mites<\/td>\n<td><\/td>\n<\/tr>\n<tr>\n<td>g.<\/td>\n<td>Presupuesto Anual<\/td>\n<td><\/td>\n<\/tr>\n<tr>\n<td>h.<\/td>\n<td>Informes de Auditor\u00eda Interna y Gubernamentales<\/td>\n<td><\/td>\n<\/tr>\n<tr>\n<td>i.<\/td>\n<td>Contratos<\/td>\n<td><\/td>\n<\/tr>\n<tr>\n<td>j.<\/td>\n<td>Contratos Incumplidos<\/td>\n<td><\/td>\n<\/tr>\n<tr>\n<td>k.<\/td>\n<td>Planes y Programas<\/td>\n<td><\/td>\n<\/tr>\n<tr>\n<td>l.<\/td>\n<td>Contratos de Cr\u00e9dito<\/td>\n<td><\/td>\n<\/tr>\n<tr>\n<td>m.<\/td>\n<td>Mecanismos de Rendici\u00f3n de Cuentas<\/td>\n<td><\/td>\n<\/tr>\n<tr>\n<td>n.<\/td>\n<td>Vi\u00e1ticos<\/td>\n<td><\/td>\n<\/tr>\n<tr>\n<td>o.<\/td>\n<td>Responsable de la Informaci\u00f3n<\/td>\n<td><\/td>\n<\/tr>\n<tr>\n<td>s.<\/td>\n<td>Resoluciones<\/td>\n<\/tr>\n<\/tbody>\n<\/table>\n[\/vc_wp_text][\/vc_accordion_tab][vc_accordion_tab title=&#8221;Febrero&#8221;][vc_wp_text]\n<h2><strong>FEBRERO<\/strong><\/h2>\n<table>\n<tbody>\n<tr>\n<td>A1.<\/td>\n<td>Estructura Org\u00e1nica Funcional<\/td>\n<\/tr>\n<tr>\n<td>A2.<\/td>\n<td>Base Legal que la Rige<\/td>\n<\/tr>\n<tr>\n<td>A3.<\/td>\n<td>Regulaciones y Procedimietos Internos<\/td>\n<\/tr>\n<tr>\n<td>A4.<\/td>\n<td>Metas y Objetivos Unidades Administrativas<\/td>\n<\/tr>\n<tr>\n<td>b1.<\/td>\n<td>Directorio de la Instituci\u00f3n<\/td>\n<\/tr>\n<tr>\n<td>c.<\/td>\n<td>Remuneraciones<\/td>\n<\/tr>\n<tr>\n<td>e.<\/td>\n<td>Contratos Colectivos<\/td>\n<\/tr>\n<tr>\n<td>f.<\/td>\n<td>Formularios para tr\u00e1mites<\/td>\n<\/tr>\n<tr>\n<td>g.<\/td>\n<td>Presupuesto Anual<\/td>\n<\/tr>\n<tr>\n<td>h.<\/td>\n<td>Informes de Auditor\u00eda Interna y Gubernamentales<\/td>\n<\/tr>\n<tr>\n<td>i.<\/td>\n<td>Contratos<\/td>\n<\/tr>\n<tr>\n<td>j.<\/td>\n<td>Contratos Incumplidos<\/td>\n<\/tr>\n<tr>\n<td>k.<\/td>\n<td>Planes y Programas<\/td>\n<\/tr>\n<tr>\n<td>l.<\/td>\n<td>Contratos de Cr\u00e9dito<\/td>\n<\/tr>\n<tr>\n<td>m.<\/td>\n<td>Mecanismos de Rendici\u00f3n de Cuentas<\/td>\n<\/tr>\n<tr>\n<td>n.<\/td>\n<td>Vi\u00e1ticos<\/td>\n<\/tr>\n<tr>\n<td>o.<\/td>\n<td>Responsable de la Informaci\u00f3n<\/td>\n<\/tr>\n<tr>\n<td>s.<\/td>\n<td>Resoluciones<\/td>\n<\/tr>\n<\/tbody>\n<\/table>\n[\/vc_wp_text][\/vc_accordion_tab][vc_accordion_tab title=&#8221;Marzo&#8221;][vc_wp_text]\n<h2><strong>MARZO<\/strong><\/h2>\n<table>\n<tbody>\n<tr>\n<td>A1.<\/td>\n<td><a href=\"http:\/\/gadprpapallacta.gob.ec\/napo\/wp-content\/uploads\/2019\/03\/a1-Literal-a-organigrama-de-la-institucion.pdf\">Estructura Org\u00e1nica Funcional<\/a><\/td>\n<\/tr>\n<tr>\n<td>A2.<\/td>\n<td><a href=\"http:\/\/\uf0d8 http:\/\/gadprpapallacta.gob.ec\/napo\/wp-content\/uploads\/2019\/03\/a2-base-legal.pdf\">Base Legal que la Rige<\/a><\/td>\n<\/tr>\n<tr>\n<td>A3.<\/td>\n<td><a href=\"http:\/\/gadprpapallacta.gob.ec\/napo\/wp-content\/uploads\/2019\/03\/a3-Regulaciones-y-procedimientos-internos-aplicables-a-la-entidad.pdf\">Regulaciones y Procedimietos Internos<\/a><\/td>\n<\/tr>\n<tr>\n<td>A4.<\/td>\n<td><a href=\"http:\/\/\uf0d8 http:\/\/gadprpapallacta.gob.ec\/napo\/wp-content\/uploads\/2019\/03\/a4-metas-y-objetivos-unidades.pdf\">Metas y Objetivos Unidades Administrativas<\/a><\/td>\n<\/tr>\n<tr>\n<td>b1.<\/td>\n<td><a href=\"http:\/\/gadprpapallacta.gob.ec\/napo\/wp-content\/uploads\/2019\/03\/b1Directorio-de-la-Instituci\u00f3n.pdf\">Directorio de la Instituci\u00f3n<\/a><\/td>\n<\/tr>\n<tr>\n<td>b2<\/p>\n<p>d<\/td>\n<td><a href=\"http:\/\/\uf0d8 http:\/\/gadprpapallacta.gob.ec\/napo\/wp-content\/uploads\/2019\/03\/b2Distributivo-del-Personal.pdf\">Distributivo del Personal<\/a><\/p>\n<p><a href=\"http:\/\/gadprpapallacta.gob.ec\/napo\/wp-content\/uploads\/2019\/03\/d-Servicios-que-ofrece-y-las-formas-de-acceder-a-ellos-1.pdf\">Servicio que ofrece la Instituci\u00f3n<\/a><\/td>\n<\/tr>\n<tr>\n<td>e.<\/td>\n<td><a href=\"http:\/\/\uf0d8 http:\/\/gadprpapallacta.gob.ec\/napo\/wp-content\/uploads\/2019\/03\/e-contratos-colectivos-vigentes.pdf\">Contratos Colectivos<\/a><\/td>\n<\/tr>\n<tr>\n<td>f.<\/p>\n<p>f2<\/td>\n<td><a href=\"http:\/\/gadprpapallacta.gob.ec\/napo\/wp-content\/uploads\/2019\/03\/f1-Formularios-o-formatos-de-solicitudes-2.pdf\">Formularios para tr\u00e1mites de solicitudes<\/a><\/p>\n<p><a href=\"http:\/\/\uf0d8 http:\/\/gadprpapallacta.gob.ec\/napo\/wp-content\/uploads\/2019\/03\/f2-Formulario-solicitud-acceso-informacion-publica.pdf\">Formulario de acceso a la informaci\u00f3n P\u00fablica<\/a><\/td>\n<\/tr>\n<tr>\n<td>g.<\/td>\n<td><a href=\"http:\/\/gadprpapallacta.gob.ec\/napo\/wp-content\/uploads\/2019\/03\/g-Presupuesto-de-la-institucion.pdf\">Presupuesto Anual<\/a><\/td>\n<\/tr>\n<tr>\n<td>h.<\/td>\n<td><a href=\"http:\/\/\uf0d8 http:\/\/gadprpapallacta.gob.ec\/napo\/wp-content\/uploads\/2019\/03\/h-Resultados-de-auditori\u0301as-internas-y-gubernamentales.pdf\">Informes de Auditor\u00eda Interna y Gubernamentales<\/a><\/td>\n<\/tr>\n<tr>\n<td>i.<\/td>\n<td>Contratos<\/td>\n<\/tr>\n<tr>\n<td>j.<\/td>\n<td><a href=\"http:\/\/gadprpapallacta.gob.ec\/napo\/wp-content\/uploads\/2019\/03\/j-Empresas-y-personas-que-han-incumplido-contratos.pdf\">Contratos Incumplidos<\/a><\/td>\n<\/tr>\n<tr>\n<td>.<\/td>\n<td><\/td>\n<\/tr>\n<tr>\n<td>l.<\/td>\n<td><a href=\"http:\/\/gadprpapallacta.gob.ec\/napo\/wp-content\/uploads\/2019\/03\/l.-Contratos-o-cr\u00e9ditos-externos.pdf\">Contratos de Cr\u00e9dito<\/a><\/td>\n<\/tr>\n<tr>\n<td>m.<\/td>\n<td><a href=\"http:\/\/\uf0d8 http:\/\/gadprpapallacta.gob.ec\/napo\/wp-content\/uploads\/2019\/03\/m-Mecanismos-de-rendicio\u0301n-de-cuentas-a-la-ciudadani\u0301a.pdf\">Mecanismos de Rendici\u00f3n de Cuentas<\/a><\/td>\n<\/tr>\n<tr>\n<td>n.<\/td>\n<td><a href=\"http:\/\/gadprpapallacta.gob.ec\/napo\/wp-content\/uploads\/2019\/03\/n-Viaticos.pdf\">Vi\u00e1ticos<\/a><\/td>\n<\/tr>\n<tr>\n<td>o.<\/td>\n<td><a href=\"http:\/\/gadprpapallacta.gob.ec\/napo\/wp-content\/uploads\/2019\/03\/o-Responsable-de-atender-la-informacio\u0301n-pu\u0301blica.pdf\">Responsable de la Informaci\u00f3n<\/a><\/td>\n<\/tr>\n<tr>\n<td>s.<\/td>\n<td><a href=\"http:\/\/gadprpapallacta.gob.ec\/napo\/wp-content\/uploads\/2019\/03\/q-Resolusiones.pdf\">Resoluciones<\/a><\/td>\n<\/tr>\n<\/tbody>\n<\/table>\n<p>&nbsp;<\/p>\n[\/vc_wp_text][\/vc_accordion_tab][vc_accordion_tab title=&#8221;Abril&#8221;][vc_wp_text]\n<h2><strong>ABRIL<\/strong><\/h2>\n<table>\n<tbody>\n<tr>\n<td>A1.<\/td>\n<td>Estructura Org\u00e1nica Funcional<\/td>\n<\/tr>\n<tr>\n<td>A2.<\/td>\n<td>Base Legal que la Rige<\/td>\n<\/tr>\n<tr>\n<td>A3.<\/td>\n<td>Regulaciones y Procedimietos Internos<\/td>\n<\/tr>\n<tr>\n<td>A4.<\/td>\n<td>Metas y Objetivos Unidades Administrativas<\/td>\n<\/tr>\n<tr>\n<td>b1.<\/td>\n<td>Directorio de la Instituci\u00f3n<\/td>\n<\/tr>\n<tr>\n<td>c.<\/td>\n<td>Remuneraciones<\/td>\n<\/tr>\n<tr>\n<td>e.<\/td>\n<td>Contratos Colectivos<\/td>\n<\/tr>\n<tr>\n<td>f.<\/td>\n<td>Formularios para tr\u00e1mites<\/td>\n<\/tr>\n<tr>\n<td>g.<\/td>\n<td>Presupuesto Anual<\/td>\n<\/tr>\n<tr>\n<td>h.<\/td>\n<td>Informes de Auditor\u00eda Interna y Gubernamentales<\/td>\n<\/tr>\n<tr>\n<td>i.<\/td>\n<td>Contratos<\/td>\n<\/tr>\n<tr>\n<td>j.<\/td>\n<td>Contratos Incumplidos<\/td>\n<\/tr>\n<tr>\n<td>k.<\/td>\n<td>Planes y Programas<\/td>\n<\/tr>\n<tr>\n<td>l.<\/td>\n<td>Contratos de Cr\u00e9dito<\/td>\n<\/tr>\n<tr>\n<td>m.<\/td>\n<td>Mecanismos de Rendici\u00f3n de Cuentas<\/td>\n<\/tr>\n<tr>\n<td>n.<\/td>\n<td>Vi\u00e1ticos<\/td>\n<\/tr>\n<tr>\n<td>o.<\/td>\n<td>Responsable de la Informaci\u00f3n<\/td>\n<\/tr>\n<tr>\n<td>s.<\/td>\n<td>Resoluciones<\/td>\n<\/tr>\n<\/tbody>\n<\/table>\n[\/vc_wp_text][\/vc_accordion_tab][vc_accordion_tab title=&#8221;Mayo&#8221;][vc_wp_text]\n<h2><strong>MAYO<\/strong><\/h2>\n<table>\n<tbody>\n<tr>\n<td>A1.<\/td>\n<td>Estructura Org\u00e1nica Funcional<\/td>\n<\/tr>\n<tr>\n<td>A2.<\/td>\n<td>Base Legal que la Rige<\/td>\n<\/tr>\n<tr>\n<td>A3.<\/td>\n<td>Regulaciones y Procedimietos Internos<\/td>\n<\/tr>\n<tr>\n<td>A4.<\/td>\n<td>Metas y Objetivos Unidades Administrativas<\/td>\n<\/tr>\n<tr>\n<td>b1.<\/td>\n<td>Directorio de la Instituci\u00f3n<\/td>\n<\/tr>\n<tr>\n<td>c.<\/td>\n<td>Remuneraciones<\/td>\n<\/tr>\n<tr>\n<td>e.<\/td>\n<td>Contratos Colectivos<\/td>\n<\/tr>\n<tr>\n<td>f.<\/td>\n<td>Formularios para tr\u00e1mites<\/td>\n<\/tr>\n<tr>\n<td>g.<\/td>\n<td>Presupuesto Anual<\/td>\n<\/tr>\n<tr>\n<td>h.<\/td>\n<td>Informes de Auditor\u00eda Interna y Gubernamentales<\/td>\n<\/tr>\n<tr>\n<td>i.<\/td>\n<td>Contratos<\/td>\n<\/tr>\n<tr>\n<td>j.<\/td>\n<td>Contratos Incumplidos<\/td>\n<\/tr>\n<tr>\n<td>k.<\/td>\n<td>Planes y Programas<\/td>\n<\/tr>\n<tr>\n<td>l.<\/td>\n<td>Contratos de Cr\u00e9dito<\/td>\n<\/tr>\n<tr>\n<td>m.<\/td>\n<td>Mecanismos de Rendici\u00f3n de Cuentas<\/td>\n<\/tr>\n<tr>\n<td>n.<\/td>\n<td>Vi\u00e1ticos<\/td>\n<\/tr>\n<tr>\n<td>o.<\/td>\n<td>Responsable de la Informaci\u00f3n<\/td>\n<\/tr>\n<tr>\n<td>s.<\/td>\n<td>Resoluciones<\/td>\n<\/tr>\n<\/tbody>\n<\/table>\n[\/vc_wp_text][\/vc_accordion_tab][vc_accordion_tab title=&#8221;Junio&#8221;][vc_wp_text]\n<h2><strong>JUNIO<\/strong><\/h2>\n[\/vc_wp_text][\/vc_accordion_tab][vc_accordion_tab title=&#8221;Julio&#8221;][vc_wp_text]\n<h2><strong>JULIO<\/strong><\/h2>\n[\/vc_wp_text][\/vc_accordion_tab][vc_accordion_tab title=&#8221;Agosto&#8221;][vc_wp_text]\n<h2><strong>AGOSTO<\/strong><\/h2>\n[\/vc_wp_text][\/vc_accordion_tab][vc_accordion_tab title=&#8221;Septiembre&#8221;][vc_wp_text]\n<h2><strong>SEPTIEMBRE<\/strong><\/h2>\n[\/vc_wp_text][\/vc_accordion_tab][vc_accordion_tab title=&#8221;Octubre&#8221;][vc_wp_text]\n<h2><strong>OCTUBRE<\/strong><\/h2>\n[\/vc_wp_text][\/vc_accordion_tab][vc_accordion_tab title=&#8221;Noviembre&#8221;][vc_wp_text]\n<h2><strong>NOVIEMBRE<\/strong><\/h2>\n[\/vc_wp_text][\/vc_accordion_tab][vc_accordion_tab title=&#8221;Diciembre&#8221;][vc_wp_text]\n<h2><strong>DICIEMBRE<\/strong><\/h2>\n[\/vc_wp_text][\/vc_accordion_tab][\/vc_accordion][vc_column_text][\/vc_column_text][\/vc_column][\/vc_row]\n","protected":false},"excerpt":{"rendered":"<p>[vc_row][vc_column][vc_accordion collapsible=&#8221;&#8221; disable_keyboard=&#8221;&#8221;][vc_accordion_tab title=&#8221;TRANSPARENCIA 2019&#8243;][vc_wp_text] [\/vc_wp_text][\/vc_accordion_tab][vc_accordion_tab title=&#8221;Enero&#8221;][vc_wp_text] ENERO A1. Estructura Org\u00e1nica Funcional A2. Base Legal que la Rige A3. Regulaciones y Procedimietos Internos A4. Metas y Objetivos Unidades Administrativas b1. Directorio de la Instituci\u00f3n c. Remuneraciones e. Contratos Colectivos f. Formularios para tr\u00e1mites g. Presupuesto Anual h. Informes de Auditor\u00eda Interna y Gubernamentales i. Contratos&hellip;<\/p>\n","protected":false},"author":8,"featured_media":0,"parent":0,"menu_order":0,"comment_status":"closed","ping_status":"closed","template":"","meta":[],"class_list":["post-1094","page","type-page","status-publish","hentry","description-off"],"_links":{"self":[{"href":"https:\/\/gadprpapallacta.gob.ec\/napo\/wp-json\/wp\/v2\/pages\/1094","targetHints":{"allow":["GET"]}}],"collection":[{"href":"https:\/\/gadprpapallacta.gob.ec\/napo\/wp-json\/wp\/v2\/pages"}],"about":[{"href":"https:\/\/gadprpapallacta.gob.ec\/napo\/wp-json\/wp\/v2\/types\/page"}],"author":[{"embeddable":true,"href":"https:\/\/gadprpapallacta.gob.ec\/napo\/wp-json\/wp\/v2\/users\/8"}],"replies":[{"embeddable":true,"href":"https:\/\/gadprpapallacta.gob.ec\/napo\/wp-json\/wp\/v2\/comments?post=1094"}],"version-history":[{"count":7,"href":"https:\/\/gadprpapallacta.gob.ec\/napo\/wp-json\/wp\/v2\/pages\/1094\/revisions"}],"predecessor-version":[{"id":1332,"href":"https:\/\/gadprpapallacta.gob.ec\/napo\/wp-json\/wp\/v2\/pages\/1094\/revisions\/1332"}],"wp:attachment":[{"href":"https:\/\/gadprpapallacta.gob.ec\/napo\/wp-json\/wp\/v2\/media?parent=1094"}],"curies":[{"name":"wp","href":"https:\/\/api.w.org\/{rel}","templated":true}]}}