{"id":1968,"date":"2025-01-05T18:16:52","date_gmt":"2025-01-05T18:16:52","guid":{"rendered":"https:\/\/gadprpapallacta.gob.ec\/napo\/?page_id=1968"},"modified":"2025-08-26T16:55:09","modified_gmt":"2025-08-26T21:55:09","slug":"rendicion-de-cuentas-2025","status":"publish","type":"page","link":"https:\/\/gadprpapallacta.gob.ec\/napo\/rendicion-de-cuentas-2025\/","title":{"rendered":"Rendici\u00f3n de Cuentas 2025"},"content":{"rendered":"<div style=\"width: 432px;\" class=\"wp-video\"><video class=\"wp-video-shortcode\" id=\"video-1968-1\" width=\"432\" height=\"768\" preload=\"metadata\" controls=\"controls\"><source type=\"video\/mp4\" src=\"https:\/\/gadprpapallacta.gob.ec\/napo\/wp-content\/uploads\/2025\/08\/Facebook_creation_24351614281109464.mp4?_=1\" \/><a href=\"https:\/\/gadprpapallacta.gob.ec\/napo\/wp-content\/uploads\/2025\/08\/Facebook_creation_24351614281109464.mp4\">https:\/\/gadprpapallacta.gob.ec\/napo\/wp-content\/uploads\/2025\/08\/Facebook_creation_24351614281109464.mp4<\/a><\/video><\/div>\n<p>Se\u00f1or. Bayardo Santacruz, Vicepresidente Gad parroquial de Papallacta<\/p>\n<p><a href=\"https:\/\/gadprpapallacta.gob.ec\/napo\/wp-content\/uploads\/2025\/07\/RENDICION-DE-CUENTAS-2024-BAYARDO-SANTACRUZ.pptx\">RENDICION DE CUENTAS 2024 BAYARDO SANTACRUZ<\/a><\/p>\n<p>Tnlga. Cintya Ortiz, Vocal Gad parroquial de Papallacta<\/p>\n<p><a href=\"https:\/\/gadprpapallacta.gob.ec\/napo\/wp-content\/uploads\/2025\/07\/RENDICION-DE-CUENTAS-2024-CINTYA-ORTIZ.pptx\">RENDICI\u00d3N DE CUENTAS 2024 CINTYA ORTIZ<\/a><\/p>\n<p>Lic. Hern\u00e1n Coro, Vocal Gad parroquial de Papallacta<\/p>\n<p><a href=\"https:\/\/gadprpapallacta.gob.ec\/napo\/wp-content\/uploads\/2025\/07\/RENDICION-DE-CUENTAS-2024-HERNAN-CORO.pptx\">RENDICION DE CUENTAS 2024 HERNAN CORO<\/a><\/p>\n<p>Ing. Valeria Falconi, Vocal Gad parroquial de Papallacta<\/p>\n<p><a href=\"https:\/\/gadprpapallacta.gob.ec\/napo\/wp-content\/uploads\/2025\/07\/RENDICION-DE-CUENTAS-2024-VALERIA-FALCONI.pptx\">RENDICION DE CUENTAS 2024 VALERIA FALCONI<\/a><\/p>\n<p><strong>Proceso de rendici\u00f3n de cuentas 2024<\/strong><\/p>\n<div class=\"su-accordion su-u-trim\"><\/div><div class=\"su-spoiler su-spoiler-style-default su-spoiler-icon-plus su-spoiler-closed\" data-scroll-offset=\"0\" data-anchor-in-url=\"no\"><div class=\"su-spoiler-title\" tabindex=\"0\" role=\"button\"><span class=\"su-spoiler-icon\"><\/span>Fase 1<\/div><div class=\"su-spoiler-content su-u-clearfix su-u-trim\">\n<p>Consultas ciudadanas<\/p>\n<p><a href=\"https:\/\/gadprpapallacta.gob.ec\/napo\/wp-content\/uploads\/2025\/08\/Consultas-ciudadanas.pdf\">Consultas ciudadanas<\/a><\/p>\n<p><a href=\"https:\/\/gadprpapallacta.gob.ec\/napo\/wp-content\/uploads\/2025\/08\/Consultas-ciudanas-2.pdf\">Consultas ciudadanas 2<\/a><\/p>\n<\/div><\/div>\n<div class=\"su-accordion su-u-trim\"><\/div><div class=\"su-spoiler su-spoiler-style-default su-spoiler-icon-plus su-spoiler-closed\" data-scroll-offset=\"0\" data-anchor-in-url=\"no\"><div class=\"su-spoiler-title\" tabindex=\"0\" role=\"button\"><span class=\"su-spoiler-icon\"><\/span>Fase 2<\/div><div class=\"su-spoiler-content su-u-clearfix su-u-trim\">\n<p><a href=\"https:\/\/gadprpapallacta.gob.ec\/napo\/wp-content\/uploads\/2025\/08\/Respuesta-formal-a-las-inquietudes-presentadas-respecto-al-proceso-de-rendicion-de-cuentas-ejercicio-fiscal-2024.pdf\">Respuesta formal a las inquietudes presentadas respecto al proceso de rendici\u00f3n de cuentas &#8211; ejercicio fiscal 2024<\/a><\/p>\n<\/div><\/div>\n<div class=\"su-accordion su-u-trim\"><\/div><div class=\"su-spoiler su-spoiler-style-default su-spoiler-icon-plus su-spoiler-closed\" data-scroll-offset=\"0\" data-anchor-in-url=\"no\"><div class=\"su-spoiler-title\" tabindex=\"0\" role=\"button\"><span class=\"su-spoiler-icon\"><\/span>Fase 3<\/div><div class=\"su-spoiler-content su-u-clearfix su-u-trim\">\n<p><a href=\"https:\/\/gadprpapallacta.gob.ec\/napo\/wp-content\/uploads\/2025\/08\/Invitacion-rendicion-de-cuentas-2024.pdf\">Invitaci\u00f3n rendici\u00f3n de cuentas 2024<\/a><\/p>\n<p><a href=\"https:\/\/gadprpapallacta.gob.ec\/napo\/wp-content\/uploads\/2025\/08\/Rendicion-de-cuentas-2024-fotos.pdf\">Rendici\u00f3n de cuentas 2024 fotos<\/a><\/p>\n<p><a href=\"https:\/\/gadprpapallacta.gob.ec\/napo\/wp-content\/uploads\/2025\/08\/Registro-de-asistencia.pdf\">Registro de asistencia<\/a><\/p>\n<\/div><\/div>\n<div class=\"su-accordion su-u-trim\"><\/div><div class=\"su-spoiler su-spoiler-style-default su-spoiler-icon-plus su-spoiler-closed\" data-scroll-offset=\"0\" data-anchor-in-url=\"no\"><div class=\"su-spoiler-title\" tabindex=\"0\" role=\"button\"><span class=\"su-spoiler-icon\"><\/span>Fase 4<\/div><div class=\"su-spoiler-content su-u-clearfix su-u-trim\">\n<p><a href=\"https:\/\/gadprpapallacta.gob.ec\/napo\/wp-content\/uploads\/2025\/08\/ACTA-DELLIBERACION.pdf\">ACTA DELLIBERACION<\/a><\/p>\n<\/div><\/div>\n<div class=\"su-accordion su-u-trim\"><\/div><div class=\"su-spoiler su-spoiler-style-default su-spoiler-icon-plus su-spoiler-closed\" data-scroll-offset=\"0\" data-anchor-in-url=\"no\"><div class=\"su-spoiler-title\" tabindex=\"0\" role=\"button\"><span class=\"su-spoiler-icon\"><\/span>POA<\/div><div class=\"su-spoiler-content su-u-clearfix su-u-trim\">\n<p><a href=\"https:\/\/gadprpapallacta.gob.ec\/napo\/wp-content\/uploads\/2025\/08\/POA-2024.pdf\">POA 2024<\/a><\/p>\n<\/div><\/div>\n<div class=\"su-accordion su-u-trim\"><\/div><div class=\"su-spoiler su-spoiler-style-default su-spoiler-icon-plus su-spoiler-closed\" data-scroll-offset=\"0\" data-anchor-in-url=\"no\"><div class=\"su-spoiler-title\" tabindex=\"0\" role=\"button\"><span class=\"su-spoiler-icon\"><\/span>Presupuesto institucional 2024 <\/div><div class=\"su-spoiler-content su-u-clearfix su-u-trim\">\n<p><a href=\"https:\/\/gadprpapallacta.gob.ec\/napo\/wp-content\/uploads\/2025\/08\/balance-de-comprobacion-signed-signed.pdf\">Balance de comprobacion-signed-signed<\/a><\/p>\n<p><a href=\"https:\/\/gadprpapallacta.gob.ec\/napo\/wp-content\/uploads\/2025\/08\/cedula-presupuestaria-de-gastos-signed-signed.pdf\">Cedula presupuestaria de gastos-signed-signed<\/a><\/p>\n<p><a href=\"https:\/\/gadprpapallacta.gob.ec\/napo\/wp-content\/uploads\/2025\/08\/cedula-presupuestaria-de-ingreso-signed-signed.pdf\">Cedula presupuestaria de ingreso-signed-signed<\/a><\/p>\n<p><a href=\"https:\/\/gadprpapallacta.gob.ec\/napo\/wp-content\/uploads\/2025\/08\/estado-de-flujos-de-efectivo-signed-signed.pdf\">Estado de flujos de efectivo-signed-signed<\/a><\/p>\n<p><a href=\"https:\/\/gadprpapallacta.gob.ec\/napo\/wp-content\/uploads\/2025\/08\/estado-de-resultados-signed-signed.pdf\">Estado de resultados-signed-signed<\/a><\/p>\n<p><a href=\"https:\/\/gadprpapallacta.gob.ec\/napo\/wp-content\/uploads\/2025\/08\/estado-de-situacion-financiera-signed-signed.pdf\">Estado de situacion financiera-signed-signed<\/a><\/p>\n<p><a href=\"https:\/\/gadprpapallacta.gob.ec\/napo\/wp-content\/uploads\/2025\/08\/estado-ejecucion-presupuestaria-signed-signed.pdf\">Estado ejecucion presupuestaria-signed-signed<\/a><\/p>\n<p><a href=\"https:\/\/gadprpapallacta.gob.ec\/napo\/wp-content\/uploads\/2025\/08\/Resolucion-N\u00b013.pdf\">Resoluci\u00f3n N\u00b013<\/a><\/p>\n<p><a href=\"https:\/\/gadprpapallacta.gob.ec\/napo\/wp-content\/uploads\/2025\/08\/Resolucion-N\u00b014.pdf\">Resoluci\u00f3n N\u00b014<\/a><\/p>\n<\/div><\/div>\n<div class=\"su-accordion su-u-trim\"><\/div><div class=\"su-spoiler su-spoiler-style-default su-spoiler-icon-plus su-spoiler-closed\" data-scroll-offset=\"0\" data-anchor-in-url=\"no\"><div class=\"su-spoiler-title\" tabindex=\"0\" role=\"button\"><span class=\"su-spoiler-icon\"><\/span>Enajenaci\u00f3n, donaciones y expropiaciones de bienes<\/div><div class=\"su-spoiler-content su-u-clearfix su-u-trim\">\n<p><a href=\"https:\/\/gadprpapallacta.gob.ec\/napo\/wp-content\/uploads\/2025\/08\/ACTA-MODIFICATORIA-A-LA-ACTA-DE-TRANSFERENCIA-DE-TITULO-GRATUITO-DE-BIENES.pdf\">ACTA MODIFICATORIA &#8211; A LA ACTA DE TRANSFERENCIA DE TITULO GRATUITO DE BIENES<\/a><\/p>\n<\/div><\/div>\n<div class=\"su-accordion su-u-trim\"><\/div><div class=\"su-spoiler su-spoiler-style-default su-spoiler-icon-plus su-spoiler-closed\" data-scroll-offset=\"0\" data-anchor-in-url=\"no\"><div class=\"su-spoiler-title\" tabindex=\"0\" role=\"button\"><span class=\"su-spoiler-icon\"><\/span>Difusi\u00f3n y comunicaci\u00f3n de la gesti\u00f3n institucional<\/div><div class=\"su-spoiler-content su-u-clearfix su-u-trim\">\n<\/div><\/div>\n<div class=\"su-accordion su-u-trim\"><\/div><div class=\"su-spoiler su-spoiler-style-default su-spoiler-icon-plus su-spoiler-closed\" data-scroll-offset=\"0\" data-anchor-in-url=\"no\"><div class=\"su-spoiler-title\" tabindex=\"0\" role=\"button\"><span class=\"su-spoiler-icon\"><\/span>Participaci\u00f3n ciudadana<\/div><div class=\"su-spoiler-content su-u-clearfix su-u-trim\">\n<\/div><\/div>\n<div class=\"su-accordion su-u-trim\"><\/div><div class=\"su-spoiler su-spoiler-style-default su-spoiler-icon-plus su-spoiler-closed\" data-scroll-offset=\"0\" data-anchor-in-url=\"no\"><div class=\"su-spoiler-title\" tabindex=\"0\" role=\"button\"><span class=\"su-spoiler-icon\"><\/span>Reglamentaci\u00f3n institucional<\/div><div class=\"su-spoiler-content su-u-clearfix su-u-trim\"><\/div><\/div>\n<p><a href=\"https:\/\/gadprpapallacta.gob.ec\/napo\/wp-content\/uploads\/2025\/08\/REGLAMENTO-DE-ORGANIZACION-Y-FUNCIONAMIENTO-DE-LA-JUNTA-PARROQUIAL-DEL-GOBIERNO-AUTONOMO-DESCENTALIZADO-PARROQUIAL-RURAL-DE-PAPALLACTA.pdf\">REGLAMENTO DE ORGANIZACI\u00d3N Y FUNCIONAMIENTO DE LA JUNTA PARROQUIAL DEL GOBIERNO AUTONOMO DESCENTALIZADO PARROQUIAL RURAL\u00a0DE\u00a0PAPALLACTA<\/a><\/p>\n<p><a href=\"https:\/\/gadprpapallacta.gob.ec\/napo\/wp-content\/uploads\/2025\/08\/REGLAMENTO-DE-LA-JUNTA-PARROQUIAL-PAPALLACTA.pdf\">REGLAMENTO DE LA JUNTA PARROQUIAL PAPALLACTA<\/a><a href=\"https:\/\/gadprpapallacta.gob.ec\/napo\/wp-content\/uploads\/2025\/08\/REGLAMENTO-PARA-EL-FUNCIONAMIENTO-DEL-COMPLEJO-TURISTICO-TERMALES-SANTA-CATALINA-DE-PAPALLACTA-PERTENECIENTE-AL-GOBIERNO-AUTONOMO-DESCENTRALIZADO-PARROQUIAL-RURAL-DE-PAPALLACTA.pdf\">REGLAMENTO PARA EL FUNCIONAMIENTO DEL COMPLEJO TURISTICO \u201cTERMALES SANTA CATALINA DE PAPALLACTA PERTENECIENTE AL GOBIERNO AUTONOMO DESCENTRALIZADO PARROQUIAL RURAL\u00a0DE\u00a0PAPALLACTA<\/a><\/p>\n","protected":false},"excerpt":{"rendered":"<p>Se\u00f1or. Bayardo Santacruz, Vicepresidente Gad parroquial de Papallacta RENDICION DE CUENTAS 2024 BAYARDO SANTACRUZ Tnlga. Cintya Ortiz, Vocal Gad parroquial de Papallacta RENDICI\u00d3N DE CUENTAS 2024 CINTYA ORTIZ Lic. Hern\u00e1n Coro, Vocal Gad parroquial de Papallacta RENDICION DE CUENTAS 2024 HERNAN CORO Ing. Valeria Falconi, Vocal Gad parroquial de Papallacta RENDICION DE CUENTAS 2024 VALERIA&hellip;<\/p>\n","protected":false},"author":8,"featured_media":0,"parent":0,"menu_order":0,"comment_status":"closed","ping_status":"closed","template":"","meta":[],"class_list":["post-1968","page","type-page","status-publish","hentry","description-off"],"_links":{"self":[{"href":"https:\/\/gadprpapallacta.gob.ec\/napo\/wp-json\/wp\/v2\/pages\/1968","targetHints":{"allow":["GET"]}}],"collection":[{"href":"https:\/\/gadprpapallacta.gob.ec\/napo\/wp-json\/wp\/v2\/pages"}],"about":[{"href":"https:\/\/gadprpapallacta.gob.ec\/napo\/wp-json\/wp\/v2\/types\/page"}],"author":[{"embeddable":true,"href":"https:\/\/gadprpapallacta.gob.ec\/napo\/wp-json\/wp\/v2\/users\/8"}],"replies":[{"embeddable":true,"href":"https:\/\/gadprpapallacta.gob.ec\/napo\/wp-json\/wp\/v2\/comments?post=1968"}],"version-history":[{"count":22,"href":"https:\/\/gadprpapallacta.gob.ec\/napo\/wp-json\/wp\/v2\/pages\/1968\/revisions"}],"predecessor-version":[{"id":3390,"href":"https:\/\/gadprpapallacta.gob.ec\/napo\/wp-json\/wp\/v2\/pages\/1968\/revisions\/3390"}],"wp:attachment":[{"href":"https:\/\/gadprpapallacta.gob.ec\/napo\/wp-json\/wp\/v2\/media?parent=1968"}],"curies":[{"name":"wp","href":"https:\/\/api.w.org\/{rel}","templated":true}]}}