{"id":58,"date":"2014-10-24T10:01:28","date_gmt":"2014-10-24T14:01:28","guid":{"rendered":"http:\/\/gadprpapallacta.gob.ec\/napo\/?page_id=58"},"modified":"2026-03-09T11:29:42","modified_gmt":"2026-03-09T16:29:42","slug":"proceso-de-contratacion","status":"publish","type":"page","link":"https:\/\/gadprpapallacta.gob.ec\/napo\/proceso-de-contratacion\/","title":{"rendered":"Proceso de Contrataci\u00f3n"},"content":{"rendered":"<h2 data-section-id=\"u386tk\" data-start=\"170\" data-end=\"205\">Procesos de Contrataci\u00f3n P\u00fablica<\/h2>\n<p data-start=\"207\" data-end=\"423\">Para consultar los procesos de contrataci\u00f3n del <strong data-start=\"255\" data-end=\"296\"><span class=\"hover:entity-accent entity-underline inline cursor-pointer align-baseline\"><span class=\"whitespace-normal\">Gobierno Aut\u00f3nomo Descentralizado Parroquial de Papallacta<\/span><\/span><\/strong>, los ciudadanos pueden acceder al portal del <strong data-start=\"342\" data-end=\"392\"><span class=\"hover:entity-accent entity-underline inline cursor-pointer align-baseline\"><span class=\"whitespace-normal\">Servicio Nacional de Contrataci\u00f3n P\u00fablica<\/span><\/span> (SERCOP)<\/strong> y seguir los siguientes pasos:<\/p>\n<h3 data-section-id=\"txzttw\" data-start=\"425\" data-end=\"449\">C\u00f3mo buscar procesos<\/h3>\n<ol data-start=\"451\" data-end=\"811\">\n<li data-section-id=\"hzf8i3\" data-start=\"451\" data-end=\"528\">\n<p data-start=\"454\" data-end=\"528\">En el campo <strong data-start=\"466\" data-end=\"489\">Entidad Contratante<\/strong>, escribir el nombre de la parroquia.<\/p>\n<\/li>\n<li data-section-id=\"jqh70r\" data-start=\"529\" data-end=\"578\">\n<p data-start=\"532\" data-end=\"578\">Hacer clic en el bot\u00f3n <strong data-start=\"555\" data-end=\"575\">\u201cBuscar Entidad\u201d<\/strong>.<\/p>\n<\/li>\n<li data-section-id=\"ey2n2j\" data-start=\"579\" data-end=\"637\">\n<p data-start=\"582\" data-end=\"637\">Seleccionar el nombre de la <strong data-start=\"610\" data-end=\"634\">Parroquia Papallacta<\/strong>.<\/p>\n<\/li>\n<li data-section-id=\"1ek3syd\" data-start=\"638\" data-end=\"742\">\n<p data-start=\"641\" data-end=\"742\">Una vez que el nombre aparezca en <strong data-start=\"675\" data-end=\"698\">Entidad Contratante<\/strong>, desplazarse hasta el final de la p\u00e1gina.<\/p>\n<\/li>\n<li data-section-id=\"whwcc9\" data-start=\"743\" data-end=\"811\">\n<p data-start=\"746\" data-end=\"811\">Hacer clic en el bot\u00f3n <strong data-start=\"769\" data-end=\"781\">\u201cBuscar\u201d<\/strong> para visualizar los procesos.<\/p>\n<\/li>\n<\/ol>\n<p>&nbsp;<\/p>\n<hr data-start=\"813\" data-end=\"816\" \/>\n<h3 data-section-id=\"1uhc3ok\" data-start=\"818\" data-end=\"846\">Procesos de Contrataci\u00f3n<\/h3>\n<p data-start=\"847\" data-end=\"908\">Consulta los procesos de contrataci\u00f3n en el siguiente enlace:<\/p>\n<p data-start=\"910\" data-end=\"993\"><a class=\"decorated-link\" href=\"https:\/\/www.compraspublicas.gob.ec\/ProcesoContratacion\/compras\/PC\/buscarProceso.cpe\" target=\"_new\" rel=\"noopener\" data-start=\"910\" data-end=\"993\">https:\/\/www.compraspublicas.gob.ec\/ProcesoContratacion\/compras\/PC\/buscarProceso.cpe<\/a><\/p>\n<hr data-start=\"995\" data-end=\"998\" \/>\n<h3 data-section-id=\"127a3ev\" data-start=\"1000\" data-end=\"1020\">\u00cdnfimas Cuant\u00edas<\/h3>\n<p data-start=\"1021\" data-end=\"1074\">Consulta las \u00ednfimas cuant\u00edas en el siguiente enlace:<\/p>\n<p data-start=\"1076\" data-end=\"1158\"><a class=\"decorated-link\" href=\"https:\/\/www.compraspublicas.gob.ec\/ProcesoContratacion\/compras\/IC\/buscarInfima.cpe\" target=\"_new\" rel=\"noopener\" data-start=\"1076\" data-end=\"1158\">https:\/\/www.compraspublicas.gob.ec\/ProcesoContratacion\/compras\/IC\/buscarInfima.cpe<\/a><\/p>\n","protected":false},"excerpt":{"rendered":"<p>Procesos de Contrataci\u00f3n P\u00fablica Para consultar los procesos de contrataci\u00f3n del Gobierno Aut\u00f3nomo Descentralizado Parroquial de Papallacta, los ciudadanos pueden acceder al portal del Servicio Nacional de Contrataci\u00f3n P\u00fablica (SERCOP) y seguir los siguientes pasos: C\u00f3mo buscar procesos En el campo Entidad Contratante, escribir el nombre de la parroquia. Hacer clic en el bot\u00f3n \u201cBuscar&hellip;<\/p>\n","protected":false},"author":8,"featured_media":0,"parent":0,"menu_order":0,"comment_status":"closed","ping_status":"closed","template":"","meta":[],"class_list":["post-58","page","type-page","status-publish","hentry","description-off"],"_links":{"self":[{"href":"https:\/\/gadprpapallacta.gob.ec\/napo\/wp-json\/wp\/v2\/pages\/58","targetHints":{"allow":["GET"]}}],"collection":[{"href":"https:\/\/gadprpapallacta.gob.ec\/napo\/wp-json\/wp\/v2\/pages"}],"about":[{"href":"https:\/\/gadprpapallacta.gob.ec\/napo\/wp-json\/wp\/v2\/types\/page"}],"author":[{"embeddable":true,"href":"https:\/\/gadprpapallacta.gob.ec\/napo\/wp-json\/wp\/v2\/users\/8"}],"replies":[{"embeddable":true,"href":"https:\/\/gadprpapallacta.gob.ec\/napo\/wp-json\/wp\/v2\/comments?post=58"}],"version-history":[{"count":5,"href":"https:\/\/gadprpapallacta.gob.ec\/napo\/wp-json\/wp\/v2\/pages\/58\/revisions"}],"predecessor-version":[{"id":3534,"href":"https:\/\/gadprpapallacta.gob.ec\/napo\/wp-json\/wp\/v2\/pages\/58\/revisions\/3534"}],"wp:attachment":[{"href":"https:\/\/gadprpapallacta.gob.ec\/napo\/wp-json\/wp\/v2\/media?parent=58"}],"curies":[{"name":"wp","href":"https:\/\/api.w.org\/{rel}","templated":true}]}}